{"id":255,"date":"2017-01-02T14:44:10","date_gmt":"2017-01-02T13:44:10","guid":{"rendered":"http:\/\/mk-kiens.com\/?page_id=255"},"modified":"2026-03-25T14:40:57","modified_gmt":"2026-03-25T13:40:57","slug":"neu-in-der-kapelle","status":"publish","type":"page","link":"https:\/\/mk-kiens.com\/index.php\/wir-musikanten\/neu-in-der-kapelle\/","title":{"rendered":"Neu in der Kapelle"},"content":{"rendered":"<h1 style=\"text-align: center;\"><span style=\"font-family: Open Sans; font-style: italic; font-size: 30px; color: #222222; opacity: 0.6; font-weight: normal;\">Neu in der Kapelle<\/span><\/h1>\n<h2 style=\"text-align: center;\"><span style=\"font-family: Open Sans; font-size: 48px; letter-spacing: 2px; line-height: 1.3em; font-weight: bold; color: #222222;\">WILLKOMMEN<\/span><\/h2>\n<p style=\"text-align: center;\">Unser <strong>Fr\u00fchjahrskonzert<\/strong> ist das erstes musikalische Highlight im neuen Musikjahr.<br \/>\nDas Konzert ist auch immer wieder Anlass daf\u00fcr, um unsere Neuzug\u00e4nge dem Publikum vorzustellen.<\/p>\n<p style=\"text-align: center;\">Im Jahr 2025 wurde neu in die Kapelle aufgenommen:<br \/>\n<strong style=\"color: #bf9456;\">Alex Falkensteiner<\/strong> am Fl\u00fcgelhorn, <strong style=\"color: #bf9456;\">Magdalena Harrasser<\/strong> an der Klarinette, <strong style=\"color: #bf9456;\">Nadine Falkensteiner, <\/strong><strong style=\"color: #bf9456;\">Eva Grossgasteiger<\/strong> und <strong style=\"color: #bf9456;\">Marie Plankensteiner<\/strong> als Marketenderinnen.<\/p>\n<p style=\"text-align: center;\">Wir w\u00fcnschen unseren neuen Musikantinnen und Musikanten viel Freude und Spa\u00df in der Kapelle.<\/p>\n","protected":false},"excerpt":{"rendered":"<p>Neu in der Kapelle WILLKOMMEN Unser Fr\u00fchjahrskonzert ist das erstes musikalische Highlight im neuen Musikjahr. Das Konzert ist auch immer wieder Anlass daf\u00fcr, um unsere Neuzug\u00e4nge dem Publikum vorzustellen. Im Jahr 2025 wurde neu in die Kapelle aufgenommen: Alex Falkensteiner am Fl\u00fcgelhorn, Magdalena Harrasser an der Klarinette, Nadine Falkensteiner, Eva Grossgasteiger und Marie Plankensteiner als<br \/><a class=\"moretag\" href=\"https:\/\/mk-kiens.com\/index.php\/wir-musikanten\/neu-in-der-kapelle\/\">+ Lesen Sie mehr<\/a><\/p>\n","protected":false},"author":1,"featured_media":0,"parent":41,"menu_order":20,"comment_status":"closed","ping_status":"closed","template":"","meta":{"footnotes":""},"class_list":["post-255","page","type-page","status-publish","hentry"],"_links":{"self":[{"href":"https:\/\/mk-kiens.com\/index.php\/wp-json\/wp\/v2\/pages\/255","targetHints":{"allow":["GET"]}}],"collection":[{"href":"https:\/\/mk-kiens.com\/index.php\/wp-json\/wp\/v2\/pages"}],"about":[{"href":"https:\/\/mk-kiens.com\/index.php\/wp-json\/wp\/v2\/types\/page"}],"author":[{"embeddable":true,"href":"https:\/\/mk-kiens.com\/index.php\/wp-json\/wp\/v2\/users\/1"}],"replies":[{"embeddable":true,"href":"https:\/\/mk-kiens.com\/index.php\/wp-json\/wp\/v2\/comments?post=255"}],"version-history":[{"count":27,"href":"https:\/\/mk-kiens.com\/index.php\/wp-json\/wp\/v2\/pages\/255\/revisions"}],"predecessor-version":[{"id":2796,"href":"https:\/\/mk-kiens.com\/index.php\/wp-json\/wp\/v2\/pages\/255\/revisions\/2796"}],"up":[{"embeddable":true,"href":"https:\/\/mk-kiens.com\/index.php\/wp-json\/wp\/v2\/pages\/41"}],"wp:attachment":[{"href":"https:\/\/mk-kiens.com\/index.php\/wp-json\/wp\/v2\/media?parent=255"}],"curies":[{"name":"wp","href":"https:\/\/api.w.org\/{rel}","templated":true}]}}