{"id":1851,"date":"2023-06-12T18:10:25","date_gmt":"2023-06-12T16:10:25","guid":{"rendered":"https:\/\/mk-kiens.com\/?page_id=1851"},"modified":"2026-03-22T11:56:19","modified_gmt":"2026-03-22T10:56:19","slug":"fruehjahrskonzert-mk-kiens","status":"publish","type":"page","link":"https:\/\/mk-kiens.com\/index.php\/musikkapelle-kiens\/fruehjahrskonzert-mk-kiens\/","title":{"rendered":"Fr\u00fchjahrskonzert"},"content":{"rendered":"<h1 style=\"text-align: center;\"><span style=\"font-family: Open Sans; font-style: italic; font-size: 30px; color: #222222; opacity: 0.6; font-weight: normal;\">Musikalisches Highlight<\/span><\/h1>\n<h2 style=\"text-align: center;\"><span style=\"font-family: Open Sans; font-size: 48px; letter-spacing: 2px; line-height: 1.3em; font-weight: bold; color: #222222;\">FR\u00dcHJAHRSKONZERT<\/span><\/h2>\n<p style=\"text-align: center;\">Das Fr\u00fchjahrskonzert ist das erste musikalische Highlight im neuen Musikjahr.<br \/>\nEs findet immer am Muttertags-Samstag im Vereinshaus von Kiens statt.<br \/>\nAb J\u00e4nner wird flei\u00dfig geprobt, sodass wir unseren Zuh\u00f6rern ein unterhaltsames Programm bieten k\u00f6nnen.<\/p>\n<p style=\"text-align: center;\">Das Konzert ist auch Anlass daf\u00fcr, um die <a style=\"color: #bf9456;\" href=\"https:\/\/mk-kiens.com\/index.php\/wir-musikanten\/neu-in-der-kapelle\/\">neuen Mitglieder<\/a> der Bev\u00f6lkerung vorzustellen und langj\u00e4hrige Musikanten zu ehren.<\/p>\n<p style=\"text-align: center;\">Aritkel auf stol.it \u00fcber das <a style=\"color: #bf9456;\" href=\"https:\/\/www.stol.it\/Artikel\/Bezirksnachrichten\/Pustertal\/Fruehjahrskonzert-der-Musikkapelle-Kiens\" target=\"_blank\" rel=\"noopener\">Fr\u00fchjahrkonzert 2017<\/a><\/p>\n<p style=\"text-align: center;\">Aritkel auf stol.it \u00fcber das <a style=\"color: #bf9456;\" href=\"https:\/\/www.stol.it\/Artikel\/Bezirksnachrichten\/Pustertal\/Grosser-Applaus-beim-Fruehjahrskonzert-der-Musikkapelle-Kiens\" target=\"_blank\" rel=\"noopener\">Fr\u00fchjahrkonzert 2018<\/a><\/p>\n<p style=\"text-align: center;\">Aritkel auf stol.it \u00fcber das <a style=\"color: #bf9456;\" href=\"https:\/\/www.stol.it\/artikel\/panorama\/fruehjahrskonzert-der-musikkapelle-kiens-2\" target=\"_blank\" rel=\"noopener\">Fr\u00fchjahrkonzert 2019<\/a><\/p>\n<p style=\"text-align: center;\">Aritkel auf stol.it \u00fcber das <a style=\"color: #bf9456;\" href=\"https:\/\/www.stol.it\/video\/media\/mk-kiens\" target=\"_blank\" rel=\"noopener\">Jubil\u00e4um in Corona-Zeiten &#8222;Fr\u00fchjahrkonzert 2020&#8220;<\/a><\/p>\n<p style=\"text-align: center;\">Aritkel auf stol.it \u00fcber das <a style=\"color: #bf9456;\" href=\"https:\/\/www.stol.it\/artikel\/panorama\/panorama\/traditionelles-fruehjahrskonzert-der-musikkapelle-kiens-begeistert\" target=\"_blank\" rel=\"noopener\">Fr\u00fchjahrkonzert 2022<\/a><\/p>\n<p style=\"text-align: center;\">Aritkel auf stol.it \u00fcber das <a style=\"color: #bf9456;\" href=\"https:\/\/www.stol.it\/artikel\/panorama\/panorama\/fruehjahrskonzert-der-musikkapelle-kiens\" target=\"_blank\" rel=\"noopener\">Fr\u00fchjahrkonzert 2023<\/a><\/p>\n<p style=\"text-align: center;\">Aritkel auf stol.it \u00fcber das <a style=\"color: #bf9456;\" href=\"https:\/\/www.stol.it\/artikel\/panorama\/panorama\/wenn-toene-erinnern-ein-besonderes-fruehjahrskonzert-der-musikkapelle-kiens\" target=\"_blank\" rel=\"noopener\">Fr\u00fchjahrkonzert 2025<\/a><\/p>\n<p><img loading=\"lazy\" decoding=\"async\" class=\"aligncenter size-large wp-image-2287\" src=\"https:\/\/mk-kiens.com\/wp-content\/uploads\/2024\/05\/BCB5F09B-AF7C-461F-A23A-EDBFD8C06FA5-1024x1024.jpeg\" alt=\"FJK 2024\" width=\"1024\" height=\"1024\" srcset=\"https:\/\/mk-kiens.com\/wp-content\/uploads\/2024\/05\/BCB5F09B-AF7C-461F-A23A-EDBFD8C06FA5-1024x1024.jpeg 1024w, https:\/\/mk-kiens.com\/wp-content\/uploads\/2024\/05\/BCB5F09B-AF7C-461F-A23A-EDBFD8C06FA5-300x300.jpeg 300w, https:\/\/mk-kiens.com\/wp-content\/uploads\/2024\/05\/BCB5F09B-AF7C-461F-A23A-EDBFD8C06FA5-150x150.jpeg 150w, https:\/\/mk-kiens.com\/wp-content\/uploads\/2024\/05\/BCB5F09B-AF7C-461F-A23A-EDBFD8C06FA5-768x768.jpeg 768w, https:\/\/mk-kiens.com\/wp-content\/uploads\/2024\/05\/BCB5F09B-AF7C-461F-A23A-EDBFD8C06FA5-1536x1536.jpeg 1536w, https:\/\/mk-kiens.com\/wp-content\/uploads\/2024\/05\/BCB5F09B-AF7C-461F-A23A-EDBFD8C06FA5-2048x2048.jpeg 2048w\" sizes=\"auto, (max-width: 1024px) 100vw, 1024px\" \/><\/p>\n<p style=\"text-align: center;\"><span style=\"font-family: Open Sans; font-size: 30px; letter-spacing: 2px; line-height: 1.3em; font-weight: bold; color: #222222; text-align: center;\">KONZERTPROGRAMM 2024<\/span><\/p>\n<p style=\"text-align: center;\"><strong style=\"color: #bf9456;\">WINDS ON FIRE<\/strong><br \/>\n<em style=\"line-height: 30px;\">Bert Appermont<\/em><\/p>\n<!--[if lt IE 9]><script>document.createElement('audio');<\/script><![endif]-->\n<audio class=\"wp-audio-shortcode\" id=\"audio-1851-1\" preload=\"auto\" style=\"width: 100%;\" controls=\"controls\"><source type=\"audio\/mpeg\" src=\"https:\/\/mk-kiens.com\/wp-content\/uploads\/2024\/05\/01-Winds-on-Fire-MK-Kiens.mp3?_=1\" \/><a href=\"https:\/\/mk-kiens.com\/wp-content\/uploads\/2024\/05\/01-Winds-on-Fire-MK-Kiens.mp3\">https:\/\/mk-kiens.com\/wp-content\/uploads\/2024\/05\/01-Winds-on-Fire-MK-Kiens.mp3<\/a><\/audio>\n<p style=\"text-align: center;\"><strong style=\"color: #bf9456; text-transform: uppercase;\">PERTUSIA<br \/>\n<\/strong><em>Mariano Bartolucci<\/em><\/p>\n<audio class=\"wp-audio-shortcode\" id=\"audio-1851-2\" preload=\"none\" style=\"width: 100%;\" controls=\"controls\"><source type=\"audio\/mpeg\" src=\"https:\/\/mk-kiens.com\/wp-content\/uploads\/2024\/05\/02-Pertusia-MK-Kiens.mp3?_=2\" \/><a href=\"https:\/\/mk-kiens.com\/wp-content\/uploads\/2024\/05\/02-Pertusia-MK-Kiens.mp3\">https:\/\/mk-kiens.com\/wp-content\/uploads\/2024\/05\/02-Pertusia-MK-Kiens.mp3<\/a><\/audio>\n<p style=\"text-align: center;\"><strong style=\"color: #bf9456; text-transform: uppercase;\">LA PRICIPESSA<br \/>\n<\/strong><em>G\u00fcnther Dibiasi<\/em><\/p>\n<audio class=\"wp-audio-shortcode\" id=\"audio-1851-3\" preload=\"none\" style=\"width: 100%;\" controls=\"controls\"><source type=\"audio\/mpeg\" src=\"https:\/\/mk-kiens.com\/wp-content\/uploads\/2024\/05\/03-La-Principessa-MK-Kiens.mp3?_=3\" \/><a href=\"https:\/\/mk-kiens.com\/wp-content\/uploads\/2024\/05\/03-La-Principessa-MK-Kiens.mp3\">https:\/\/mk-kiens.com\/wp-content\/uploads\/2024\/05\/03-La-Principessa-MK-Kiens.mp3<\/a><\/audio>\n<p style=\"text-align: center;\"><strong style=\"color: #bf9456; text-transform: uppercase;\">SPERA IN MUSICA<\/strong><br \/>\n<em>Stefan Haselwanter<\/em><\/p>\n<audio class=\"wp-audio-shortcode\" id=\"audio-1851-4\" preload=\"none\" style=\"width: 100%;\" controls=\"controls\"><source type=\"audio\/mpeg\" src=\"https:\/\/mk-kiens.com\/wp-content\/uploads\/2024\/05\/04-Spera-in-Musica-MK-Kiens.mp3?_=4\" \/><a href=\"https:\/\/mk-kiens.com\/wp-content\/uploads\/2024\/05\/04-Spera-in-Musica-MK-Kiens.mp3\">https:\/\/mk-kiens.com\/wp-content\/uploads\/2024\/05\/04-Spera-in-Musica-MK-Kiens.mp3<\/a><\/audio>\n<p style=\"text-align: center;\"><strong style=\"color: #bf9456; text-transform: uppercase;\">A FILVAR STORY<\/strong><br \/>\n<em>Vitor Resende<\/em><\/p>\n<audio class=\"wp-audio-shortcode\" id=\"audio-1851-5\" preload=\"none\" style=\"width: 100%;\" controls=\"controls\"><source type=\"audio\/mpeg\" src=\"https:\/\/mk-kiens.com\/wp-content\/uploads\/2024\/05\/05-A-Filvar-Story-MK-Kiens.mp3?_=5\" \/><a href=\"https:\/\/mk-kiens.com\/wp-content\/uploads\/2024\/05\/05-A-Filvar-Story-MK-Kiens.mp3\">https:\/\/mk-kiens.com\/wp-content\/uploads\/2024\/05\/05-A-Filvar-Story-MK-Kiens.mp3<\/a><\/audio>\n<p style=\"text-align: center;\"><span style=\"color: #bf9456;\"><span style=\"text-transform: uppercase;\"><b>MUSIC<\/b><\/span><\/span><br \/>\n<em>John Miles arr. Philip Sparke<\/em><\/p>\n<audio class=\"wp-audio-shortcode\" id=\"audio-1851-6\" preload=\"none\" style=\"width: 100%;\" controls=\"controls\"><source type=\"audio\/mpeg\" src=\"https:\/\/mk-kiens.com\/wp-content\/uploads\/2024\/05\/06-Music-MK-Kiens.mp3?_=6\" \/><a href=\"https:\/\/mk-kiens.com\/wp-content\/uploads\/2024\/05\/06-Music-MK-Kiens.mp3\">https:\/\/mk-kiens.com\/wp-content\/uploads\/2024\/05\/06-Music-MK-Kiens.mp3<\/a><\/audio>\n<p style=\"text-align: center;\"><strong style=\"color: #bf9456; text-transform: uppercase;\">ZWEI MEXIKANER IN B\u00d6HMEN<br \/>\n<\/strong><em>Heidt Mark Sven arr. Henn Guido<\/em><\/p>\n<audio class=\"wp-audio-shortcode\" id=\"audio-1851-7\" preload=\"none\" style=\"width: 100%;\" controls=\"controls\"><source type=\"audio\/mpeg\" src=\"https:\/\/mk-kiens.com\/wp-content\/uploads\/2024\/05\/07-Zwei-Mexikaner-in-Boehmen-MK-Kiens.mp3?_=7\" \/><a href=\"https:\/\/mk-kiens.com\/wp-content\/uploads\/2024\/05\/07-Zwei-Mexikaner-in-Boehmen-MK-Kiens.mp3\">https:\/\/mk-kiens.com\/wp-content\/uploads\/2024\/05\/07-Zwei-Mexikaner-in-Boehmen-MK-Kiens.mp3<\/a><\/audio>\n<p style=\"text-align: center;\"><strong style=\"color: #bf9456; text-transform: uppercase;\">TRANSALPINA<br \/>\n<\/strong><em><i>Armin Kofler<\/i><\/em><\/p>\n<audio class=\"wp-audio-shortcode\" id=\"audio-1851-8\" preload=\"none\" style=\"width: 100%;\" controls=\"controls\"><source type=\"audio\/mpeg\" src=\"https:\/\/mk-kiens.com\/wp-content\/uploads\/2024\/05\/08-Transalpina-MK-Kiens.mp3?_=8\" \/><a href=\"https:\/\/mk-kiens.com\/wp-content\/uploads\/2024\/05\/08-Transalpina-MK-Kiens.mp3\">https:\/\/mk-kiens.com\/wp-content\/uploads\/2024\/05\/08-Transalpina-MK-Kiens.mp3<\/a><\/audio>\n","protected":false},"excerpt":{"rendered":"<p>Musikalisches Highlight FR\u00dcHJAHRSKONZERT Das Fr\u00fchjahrskonzert ist das erste musikalische Highlight im neuen Musikjahr. Es findet immer am Muttertags-Samstag im Vereinshaus von Kiens statt. Ab J\u00e4nner wird flei\u00dfig geprobt, sodass wir unseren Zuh\u00f6rern ein unterhaltsames Programm bieten k\u00f6nnen. Das Konzert ist auch Anlass daf\u00fcr, um die neuen Mitglieder der Bev\u00f6lkerung vorzustellen und langj\u00e4hrige Musikanten zu ehren.<br \/><a class=\"moretag\" href=\"https:\/\/mk-kiens.com\/index.php\/musikkapelle-kiens\/fruehjahrskonzert-mk-kiens\/\">+ Lesen Sie mehr<\/a><\/p>\n","protected":false},"author":1,"featured_media":0,"parent":37,"menu_order":30,"comment_status":"closed","ping_status":"closed","template":"","meta":{"footnotes":""},"class_list":["post-1851","page","type-page","status-publish","hentry"],"_links":{"self":[{"href":"https:\/\/mk-kiens.com\/index.php\/wp-json\/wp\/v2\/pages\/1851","targetHints":{"allow":["GET"]}}],"collection":[{"href":"https:\/\/mk-kiens.com\/index.php\/wp-json\/wp\/v2\/pages"}],"about":[{"href":"https:\/\/mk-kiens.com\/index.php\/wp-json\/wp\/v2\/types\/page"}],"author":[{"embeddable":true,"href":"https:\/\/mk-kiens.com\/index.php\/wp-json\/wp\/v2\/users\/1"}],"replies":[{"embeddable":true,"href":"https:\/\/mk-kiens.com\/index.php\/wp-json\/wp\/v2\/comments?post=1851"}],"version-history":[{"count":13,"href":"https:\/\/mk-kiens.com\/index.php\/wp-json\/wp\/v2\/pages\/1851\/revisions"}],"predecessor-version":[{"id":2739,"href":"https:\/\/mk-kiens.com\/index.php\/wp-json\/wp\/v2\/pages\/1851\/revisions\/2739"}],"up":[{"embeddable":true,"href":"https:\/\/mk-kiens.com\/index.php\/wp-json\/wp\/v2\/pages\/37"}],"wp:attachment":[{"href":"https:\/\/mk-kiens.com\/index.php\/wp-json\/wp\/v2\/media?parent=1851"}],"curies":[{"name":"wp","href":"https:\/\/api.w.org\/{rel}","templated":true}]}}